{"id":1513,"date":"2026-02-10T11:07:39","date_gmt":"2026-02-10T10:07:39","guid":{"rendered":"https:\/\/gcmill.com\/materialien-und-oberflaechen\/"},"modified":"2026-04-02T19:53:49","modified_gmt":"2026-04-02T17:53:49","slug":"materialien-und-oberflaechen","status":"publish","type":"page","link":"https:\/\/gcmill.com\/de\/materialien-und-oberflaechen\/","title":{"rendered":"Materialien und Oberfl\u00e4chen"},"content":{"rendered":"\t\t<div data-elementor-type=\"wp-page\" data-elementor-id=\"1513\" class=\"elementor elementor-1513 elementor-1033\">\n\t\t\t\t<div class=\"elementor-element elementor-element-6d33f4f2 e-flex e-con-boxed e-con e-parent\" data-id=\"6d33f4f2\" data-element_type=\"container\" data-e-type=\"container\" data-settings=\"{&quot;background_background&quot;:&quot;gradient&quot;}\">\n\t\t\t\t\t<div class=\"e-con-inner\">\n\t\t\t\t<div class=\"elementor-element elementor-element-38edf071 elementor-widget elementor-widget-heading\" data-id=\"38edf071\" data-element_type=\"widget\" data-e-type=\"widget\" data-widget_type=\"heading.default\">\n\t\t\t\t\t<h1 class=\"elementor-heading-title elementor-size-default\">Materialienen &amp; Oberfl\u00e4chen<\/h1>\t\t\t\t<\/div>\n\t\t\t\t\t<\/div>\n\t\t\t\t<\/div>\n\t\t\t\t<section class=\"elementor-section elementor-top-section elementor-element elementor-element-17b6c4f4 elementor-section-boxed elementor-section-height-default elementor-section-height-default\" data-id=\"17b6c4f4\" data-element_type=\"section\" data-e-type=\"section\">\n\t\t\t\t\t\t<div class=\"elementor-container elementor-column-gap-default\">\n\t\t\t\t\t<div class=\"elementor-column elementor-col-100 elementor-top-column elementor-element elementor-element-7d52b42d\" data-id=\"7d52b42d\" data-element_type=\"column\" data-e-type=\"column\">\n\t\t\t<div class=\"elementor-widget-wrap elementor-element-populated\">\n\t\t\t\t\t\t<div class=\"elementor-element elementor-element-2cc8a093 elementor-absolute elementor-hidden-mobile elementor-widget elementor-widget-image\" data-id=\"2cc8a093\" data-element_type=\"widget\" data-e-type=\"widget\" data-settings=\"{&quot;_position&quot;:&quot;absolute&quot;}\" data-widget_type=\"image.default\">\n\t\t\t\t\t\t\t\t\t\t\t\t\t\t\t<img fetchpriority=\"high\" decoding=\"async\" width=\"486\" height=\"448\" src=\"https:\/\/gcmill.com\/wp-content\/uploads\/2026\/01\/Group-367.png\" class=\"attachment-full size-full wp-image-1515\" alt=\"\" srcset=\"https:\/\/gcmill.com\/wp-content\/uploads\/2026\/01\/Group-367.png 486w, https:\/\/gcmill.com\/wp-content\/uploads\/2026\/01\/Group-367-300x277.png 300w\" sizes=\"(max-width: 486px) 100vw, 486px\" title=\"\">\t\t\t\t\t\t\t\t\t\t\t\t\t\t\t<\/div>\n\t\t\t\t<div class=\"elementor-element elementor-element-6ba5ab90 elementor-absolute elementor-hidden-mobile elementor-widget elementor-widget-image\" data-id=\"6ba5ab90\" data-element_type=\"widget\" data-e-type=\"widget\" data-settings=\"{&quot;_position&quot;:&quot;absolute&quot;}\" data-widget_type=\"image.default\">\n\t\t\t\t\t\t\t\t\t\t\t\t\t\t\t<img decoding=\"async\" width=\"344\" height=\"343\" src=\"https:\/\/gcmill.com\/wp-content\/uploads\/2026\/01\/Group-8.png\" class=\"attachment-full size-full wp-image-1516\" alt=\"\" srcset=\"https:\/\/gcmill.com\/wp-content\/uploads\/2026\/01\/Group-8.png 344w, https:\/\/gcmill.com\/wp-content\/uploads\/2026\/01\/Group-8-300x300.png 300w, https:\/\/gcmill.com\/wp-content\/uploads\/2026\/01\/Group-8-150x150.png 150w\" sizes=\"(max-width: 344px) 100vw, 344px\" title=\"\">\t\t\t\t\t\t\t\t\t\t\t\t\t\t\t<\/div>\n\t\t<div class=\"elementor-element elementor-element-22fb5cf7 e-con-full e-flex e-con e-parent\" data-id=\"22fb5cf7\" data-element_type=\"container\" data-e-type=\"container\" data-settings=\"{&quot;animation&quot;:&quot;none&quot;}\">\n\t\t<div class=\"elementor-element elementor-element-6deb5db6 e-con-full e-flex e-con e-child\" data-id=\"6deb5db6\" data-element_type=\"container\" data-e-type=\"container\" data-settings=\"{&quot;background_background&quot;:&quot;classic&quot;}\">\n\t\t\t\t<div class=\"elementor-element elementor-element-7dd58a9 elementor-widget elementor-widget-heading\" data-id=\"7dd58a9\" data-element_type=\"widget\" data-e-type=\"widget\" data-widget_type=\"heading.default\">\n\t\t\t\t\t<h2 class=\"elementor-heading-title elementor-size-default\">Materialien<\/h2>\t\t\t\t<\/div>\n\t\t\t\t<div class=\"elementor-element elementor-element-59367a8 elementor-widget elementor-widget-text-editor\" data-id=\"59367a8\" data-element_type=\"widget\" data-e-type=\"widget\" data-widget_type=\"text-editor.default\">\n\t\t\t\t\t\t\t\t\t<p class=\"p1\"><strong>GC Mill verarbeitet eine breite Palette von Materialien:<\/strong><\/p>\n<ul>\n<li class=\"p1\"><strong>Aluminium<\/strong> &#8211; 6082, 7075 (Ergal) und andere Legierungen<\/li>\n<li class=\"p1\"><strong>Stahl<\/strong> &#8211; C45, S235JR, S355J2, legierte St\u00e4hle f\u00fcr W\u00e4rmebehandlung<\/li>\n<li class=\"p1\"><strong>Edelstahl<\/strong> &#8211; AISI 303, 304, 316L<\/li>\n<li class=\"p1\"><strong>Messing<\/strong> &#8211; OT58, OT63<\/li>\n<li class=\"p1\"><strong>Technische Kunststoffe<\/strong> &#8211; POM (Delrin), PA6, PTFE (Teflon), PEEK, PVC, PE, ABS<\/li>\n<\/ul>\n<p><\/p>\n<p class=\"p1\">F\u00fcr spezifische Materialien, die nicht aufgef\u00fchrt sind, kontaktieren Sie uns bitte, um die Verf\u00fcgbarkeit zu pr\u00fcfen.<\/p>\n\t\t\t\t\t\t\t\t<\/div>\n\t\t\t\t<\/div>\n\t\t<div class=\"elementor-element elementor-element-72ab4ca5 e-con-full e-flex e-con e-child\" data-id=\"72ab4ca5\" data-element_type=\"container\" data-e-type=\"container\" data-settings=\"{&quot;background_background&quot;:&quot;classic&quot;}\">\n\t\t\t\t<div class=\"elementor-element elementor-element-26d36f9 elementor-widget elementor-widget-heading\" data-id=\"26d36f9\" data-element_type=\"widget\" data-e-type=\"widget\" data-widget_type=\"heading.default\">\n\t\t\t\t\t<h2 class=\"elementor-heading-title elementor-size-default\">Oberfl\u00e4chen<\/h2>\t\t\t\t<\/div>\n\t\t\t\t<div class=\"elementor-element elementor-element-44f7818 elementor-widget elementor-widget-text-editor\" data-id=\"44f7818\" data-element_type=\"widget\" data-e-type=\"widget\" data-widget_type=\"text-editor.default\">\n\t\t\t\t\t\t\t\t\t<p class=\"p1\"><strong>GC Mill bietet verschiedene Oberfl\u00e4chenoptionen:<\/strong><\/p>\n<ul>\n<li class=\"p1\"><strong>Sandstrahlen<\/strong>: Gleichm\u00e4\u00dfige matte Oberfl\u00e4che, die Bearbeitungsspuren verbirgt.<\/li>\n<li class=\"p1\"><strong>Eloxieren (f\u00fcr Aluminium)<\/strong>: Oberfl\u00e4chenbehandlung, die die Korrosionsbest\u00e4ndigkeit erh\u00f6ht und Einf\u00e4rbungen erm\u00f6glicht.<\/li>\n<li class=\"p1\"><strong>Weitere Oberfl\u00e4chen<\/strong>: Vernickeln, Verchromen, Lackieren, Schwarzoxidieren usw.<\/li>\n<\/ul>\n<p><\/p>\n<p class=\"p1\">Kontaktieren Sie uns f\u00fcr spezifische Anfragen.<\/p>\n\t\t\t\t\t\t\t\t<\/div>\n\t\t\t\t<\/div>\n\t\t\t\t<\/div>\n\t\t\t\t\t<\/div>\n\t\t<\/div>\n\t\t\t\t\t<\/div>\n\t\t<\/section>\n\t\t\t\t<\/div>\n\t\t","protected":false},"excerpt":{"rendered":"<p>Materialienen &amp; Oberfl\u00e4chen Materialien GC Mill verarbeitet eine breite Palette von Materialien: Aluminium &#8211; 6082, 7075 (Ergal) und andere Legierungen [&hellip;]<\/p>\n","protected":false},"author":1,"featured_media":0,"parent":0,"menu_order":0,"comment_status":"closed","ping_status":"closed","template":"","meta":{"site-sidebar-layout":"no-sidebar","site-content-layout":"","ast-site-content-layout":"full-width-container","site-content-style":"default","site-sidebar-style":"default","ast-global-header-display":"","ast-banner-title-visibility":"","ast-main-header-display":"","ast-hfb-above-header-display":"","ast-hfb-below-header-display":"","ast-hfb-mobile-header-display":"","site-post-title":"disabled","ast-breadcrumbs-content":"","ast-featured-img":"disabled","footer-sml-layout":"","ast-disable-related-posts":"","theme-transparent-header-meta":"","adv-header-id-meta":"","stick-header-meta":"","header-above-stick-meta":"","header-main-stick-meta":"","header-below-stick-meta":"","astra-migrate-meta-layouts":"default","ast-page-background-enabled":"default","ast-page-background-meta":{"desktop":{"background-color":"var(--ast-global-color-5)","background-image":"","background-repeat":"repeat","background-position":"center center","background-size":"auto","background-attachment":"scroll","background-type":"","background-media":"","overlay-type":"","overlay-color":"","overlay-opacity":"","overlay-gradient":""},"tablet":{"background-color":"","background-image":"","background-repeat":"repeat","background-position":"center center","background-size":"auto","background-attachment":"scroll","background-type":"","background-media":"","overlay-type":"","overlay-color":"","overlay-opacity":"","overlay-gradient":""},"mobile":{"background-color":"","background-image":"","background-repeat":"repeat","background-position":"center center","background-size":"auto","background-attachment":"scroll","background-type":"","background-media":"","overlay-type":"","overlay-color":"","overlay-opacity":"","overlay-gradient":""}},"ast-content-background-meta":{"desktop":{"background-color":"var(--ast-global-color-4)","background-image":"","background-repeat":"repeat","background-position":"center center","background-size":"auto","background-attachment":"scroll","background-type":"","background-media":"","overlay-type":"","overlay-color":"","overlay-opacity":"","overlay-gradient":""},"tablet":{"background-color":"var(--ast-global-color-4)","background-image":"","background-repeat":"repeat","background-position":"center center","background-size":"auto","background-attachment":"scroll","background-type":"","background-media":"","overlay-type":"","overlay-color":"","overlay-opacity":"","overlay-gradient":""},"mobile":{"background-color":"var(--ast-global-color-4)","background-image":"","background-repeat":"repeat","background-position":"center center","background-size":"auto","background-attachment":"scroll","background-type":"","background-media":"","overlay-type":"","overlay-color":"","overlay-opacity":"","overlay-gradient":""}},"footnotes":""},"class_list":["post-1513","page","type-page","status-publish","hentry"],"_links":{"self":[{"href":"https:\/\/gcmill.com\/de\/wp-json\/wp\/v2\/pages\/1513","targetHints":{"allow":["GET"]}}],"collection":[{"href":"https:\/\/gcmill.com\/de\/wp-json\/wp\/v2\/pages"}],"about":[{"href":"https:\/\/gcmill.com\/de\/wp-json\/wp\/v2\/types\/page"}],"author":[{"embeddable":true,"href":"https:\/\/gcmill.com\/de\/wp-json\/wp\/v2\/users\/1"}],"replies":[{"embeddable":true,"href":"https:\/\/gcmill.com\/de\/wp-json\/wp\/v2\/comments?post=1513"}],"version-history":[{"count":0,"href":"https:\/\/gcmill.com\/de\/wp-json\/wp\/v2\/pages\/1513\/revisions"}],"wp:attachment":[{"href":"https:\/\/gcmill.com\/de\/wp-json\/wp\/v2\/media?parent=1513"}],"curies":[{"name":"wp","href":"https:\/\/api.w.org\/{rel}","templated":true}]}}